{"id":1725,"date":"2025-11-05T18:45:47","date_gmt":"2025-11-05T17:45:47","guid":{"rendered":"https:\/\/unifiedcomms.tech\/aviso-legal\/"},"modified":"2025-11-25T17:56:14","modified_gmt":"2025-11-25T16:56:14","slug":"aviso-legal","status":"publish","type":"page","link":"https:\/\/unifiedcomms.tech\/pt\/aviso-legal\/","title":{"rendered":"Aviso legal"},"content":{"rendered":"\t\t<div data-elementor-type=\"wp-page\" data-elementor-id=\"1725\" class=\"elementor elementor-1725 elementor-215\" data-elementor-post-type=\"page\">\n\t\t\t\t<div class=\"elementor-element elementor-element-0f1491f e-flex e-con-boxed e-con e-parent\" data-id=\"0f1491f\" data-element_type=\"container\" data-e-type=\"container\">\n\t\t\t\t\t<div class=\"e-con-inner\">\n\t\t\t\t<div class=\"elementor-element elementor-element-46c18df elementor-widget elementor-widget-heading\" data-id=\"46c18df\" data-element_type=\"widget\" data-e-type=\"widget\" data-widget_type=\"heading.default\">\n\t\t\t\t\t<h1 class=\"elementor-heading-title elementor-size-default\">Aviso legal<\/h1>\t\t\t\t<\/div>\n\t\t\t\t<div class=\"elementor-element elementor-element-cba7b8f elementor-widget elementor-widget-text-editor\" data-id=\"cba7b8f\" data-element_type=\"widget\" data-e-type=\"widget\" data-widget_type=\"text-editor.default\">\n\t\t\t\t\t\t\t\t\t<h3><strong>Informa\u00e7\u00f5es gerais<\/strong><\/h3><p>A UNIFIED COMMS SOLUTIONS, S.L. (doravante, UNIFIED COMMS), na sua qualidade de propriet\u00e1ria e respons\u00e1vel por este s\u00edtio Web, em cumprimento do disposto no artigo 10 da Lei 34\/2002, de 11 de julho, de Servi\u00e7os da Sociedade da Informa\u00e7\u00e3o e do Com\u00e9rcio Eletr\u00f3nico, coloca \u00e0 disposi\u00e7\u00e3o dos utilizadores a seguinte informa\u00e7\u00e3o geral sobre o s\u00edtio Web https:\/\/unifiedcomms.tech:<\/p><ul><li><strong>Titular:<\/strong> UNIFIED COMMS SOLUTIONS, S.L.<\/li><li><strong>N\u00daMERO DE REGISTO DO IVA:<\/strong> A-31501901<\/li><li><strong>Sede social:<\/strong> C\/ Alsasua 14-16. 28023 &#8211; Madrid (Espanha). <\/li><li><strong>Dados de registo:<\/strong> Registo Comercial de Madrid, Tomo 46710, Livro 0, Sec\u00e7\u00e3o 8 do Livro das Sociedades, F\u00f3lio 20, Folha n\u00ba M-819919, 1\u00aa inscri\u00e7\u00e3o.<\/li><li>N<strong>.\u00ba IVA: <\/strong>B-70898358.<\/li><li><strong>Contacta-nos:<\/strong><ul><li><strong>Telefone:<\/strong> 902 888 801<\/li><li><strong>Envia um e-mail:<\/strong> <a href=\"mailto:info@unifiedcomms.tech\"><u>info@unifiedcomms.tech<\/u><\/a><\/li><\/ul><\/li><\/ul><h3> <\/h3><h3><strong>I.- OBJECTIVO<\/strong><\/h3><p>As presentes Condi\u00e7\u00f5es Gerais de Utiliza\u00e7\u00e3o (doravante, as &#8220;CGU&#8221;) regulam a utiliza\u00e7\u00e3o do s\u00edtio Web<a href=\"https:\/\/unifiedcomms.tech\/pt\/\">&#8220;https:\/\/unifiedcomms.tech<\/a> (doravante, o s\u00edtio Web) que a UNIFIED COMMS coloca \u00e0 disposi\u00e7\u00e3o dos utilizadores que a ele acedem para dar seguimento ao pedido efectuado.<\/p><p>Por conseguinte, as presentes CGU aplicar-se-\u00e3o tanto \u00e0 atividade promocional e \u00e0 presta\u00e7\u00e3o de informa\u00e7\u00f5es que se realizem atrav\u00e9s do S\u00edtio Web como \u00e0 presta\u00e7\u00e3o dos servi\u00e7os nele oferecidos, de tal forma que reger\u00e3o em todo o momento tanto a simples navega\u00e7\u00e3o no S\u00edtio Web como a contrata\u00e7\u00e3o de servi\u00e7os no \u00e2mbito do S\u00edtio Web, embora estas \u00faltimas actividades estejam adicionalmente sujeitas tanto \u00e0s CGU descritas a seguir como \u00e0s Condi\u00e7\u00f5es Gerais de Contrata\u00e7\u00e3o aplic\u00e1veis e \u00e0s Condi\u00e7\u00f5es Particulares que possam existir, se for o caso.<\/p><p> <\/p><h3><strong>II.- UTILIZADORES<\/strong><\/h3><p>O acesso e\/ou a utiliza\u00e7\u00e3o do site confere ao utilizador a condi\u00e7\u00e3o de utilizador, aceitando, a partir desse momento, de forma plena e sem reservas, as presentes CGU, bem como as Condi\u00e7\u00f5es Particulares que, se for caso disso, complementam, modificam ou substituem as CGU em rela\u00e7\u00e3o a determinados servi\u00e7os e conte\u00fados do site, obrigando-se o utilizador a respeitar as restri\u00e7\u00f5es de utiliza\u00e7\u00e3o da referida p\u00e1gina estabelecidas pela UNIFIED COMMS em cada momento.<\/p><p> <\/p><h3><strong>III.- ACESSO AO S\u00cdTIO WEB<\/strong><\/h3><p>O acesso e a utiliza\u00e7\u00e3o do s\u00edtio Web s\u00e3o gratuitos para os utilizadores e, em geral, n\u00e3o requerem o registo pr\u00e9vio do utilizador.<\/p><p> <\/p><h3><strong>IV.- UTILIZA\u00c7\u00c3O DO S\u00cdTIO WEB<\/strong><\/h3><p>O utilizador compromete-se a utilizar o s\u00edtio Web, os seus servi\u00e7os e conte\u00fados sem infringir a legisla\u00e7\u00e3o vigente, a boa f\u00e9, os usos geralmente aceites e a ordem p\u00fablica. Da mesma forma, \u00e9 proibido utilizar o s\u00edtio Web com fins il\u00edcitos ou lesivos contra a UNIFIED COMMS ou qualquer terceiro, ou que, de qualquer forma, possam causar danos ou impedir o normal funcionamento do s\u00edtio Web. <\/p><p> <\/p><h3><strong>V.- RESPONSABILIDADE DO UTILIZADOR POR DANOS E PERDAS<\/strong><\/h3><p>A utiliza\u00e7\u00e3o do s\u00edtio Web \u00e9 da \u00fanica e exclusiva responsabilidade do utilizador. Esta responsabilidade estende-se \u00e0 utiliza\u00e7\u00e3o, pelo utilizador ou por terceiros, de quaisquer palavras-passe ou similares atribu\u00eddas para acesso ao s\u00edtio Web ou a qualquer dos seus servi\u00e7os. <\/p><p>N\u00e3o obstante o acima exposto, a UNIFIED COMMS reserva-se o direito de recusar ou desativar, a qualquer momento e sem aviso pr\u00e9vio, o acesso \u00e0 Web ou o acesso restrito, aos utilizadores que violem as presentes CGU, as regras estabelecidas pela UNIFIED COMMS ou pelos seus parceiros ou que possam perturbar o bom funcionamento, a imagem, a credibilidade e\/ou o prest\u00edgio da UNIFIED COMMS ou dos seus parceiros.<\/p><p>Neste sentido, o UNIFIED COMMS reserva-se o direito de cancelar ou restringir o acesso ao s\u00edtio Web a determinados Utilizadores, no caso de observar qualquer conduta que, na opini\u00e3o do UNIFIED COMMS.es, seja contr\u00e1ria \u00e0s presentes Condi\u00e7\u00f5es de Utiliza\u00e7\u00e3o, \u00e0 Lei, \u00e0s normas estabelecidas pelo UNIFIED COMMS ou pelos seus colaboradores ou que possa perturbar o bom funcionamento, a imagem, a credibilidade e\/ou o prest\u00edgio do UNIFIED COMMS ou dos seus colaboradores. Da mesma forma, UNIFIED COMMS.es poder\u00e1 exigir responsabilidade aos Utilizadores pelos danos e preju\u00edzos derivados da m\u00e1 utiliza\u00e7\u00e3o do s\u00edtio web.<\/p><p>A UNIFIED COMMS n\u00e3o garante a legalidade, fiabilidade, utilidade, veracidade ou exatid\u00e3o dos conte\u00fados que os utilizadores transmitem ao utilizar o s\u00edtio Web.<\/p><p>A UNIFIED COMMS n\u00e3o controla a utiliza\u00e7\u00e3o que os utilizadores fazem do s\u00edtio Web, nem garante que o fa\u00e7am de acordo com as presentes Condi\u00e7\u00f5es Gerais.<\/p><p>A UNIFIED COMMS n\u00e3o controla nem garante a aus\u00eancia de v\u00edrus inform\u00e1ticos nos servi\u00e7os prestados por terceiros atrav\u00e9s do site que possam provocar altera\u00e7\u00f5es no seu sistema inform\u00e1tico (software e hardware) ou nos documentos electr\u00f3nicos e ficheiros armazenados no seu sistema inform\u00e1tico.<\/p><p>O \u00fanico objetivo das liga\u00e7\u00f5es que o s\u00edtio coloca \u00e0 disposi\u00e7\u00e3o dos utilizadores \u00e9 facilitar a pesquisa de informa\u00e7\u00f5es dispon\u00edveis na Internet.<\/p><p> <\/p><h3><strong>VI.- PROPRIEDADE INTELECTUAL<\/strong><\/h3><p>Todos os conte\u00fados do Portal (textos, gr\u00e1ficos, fotografias, imagens, software, c\u00f3digos fonte, etc.) s\u00e3o propriedade intelectual da UNIFIED COMMS.<\/p><p>Qualquer utiliza\u00e7\u00e3o ou modifica\u00e7\u00e3o do Material ou do Conte\u00fado para qualquer outro fim que n\u00e3o o autorizado nos Termos e Condi\u00e7\u00f5es ser\u00e1 considerada uma viola\u00e7\u00e3o das leis internacionais de direitos de autor que protegem os direitos dos autores.<\/p><p>No que respeita ao conte\u00fado, \u00e9 proibido:<\/p><ol><li>A sua reprodu\u00e7\u00e3o, c\u00f3pia, distribui\u00e7\u00e3o, modifica\u00e7\u00e3o ou manipula\u00e7\u00e3o, sob qualquer forma e para qualquer fim, exceto se tiveres obtido autoriza\u00e7\u00e3o pr\u00e9via por escrito dos seus leg\u00edtimos propriet\u00e1rios ou se tal for legalmente permitido.<\/li><li>Qualquer viola\u00e7\u00e3o dos direitos da UNIFIED COMMS ou dos seus leg\u00edtimos propriet\u00e1rios.<\/li><li>A sua utiliza\u00e7\u00e3o para outros fins comerciais ou publicit\u00e1rios que n\u00e3o os estritamente autorizados.<\/li><\/ol><p>A UNIFIED COMMS garante que os conte\u00fados, incluindo a propriedade intelectual, n\u00e3o s\u00e3o de natureza il\u00edcita e n\u00e3o infringem a legisla\u00e7\u00e3o em vigor. Por conseguinte, os conte\u00fados do s\u00edtio Web n\u00e3o devem ter um car\u00e1cter xen\u00f3fobo, pornogr\u00e1fico, discriminat\u00f3rio, racista ou de qualquer forma promover a viol\u00eancia. <\/p><p>Al\u00e9m disso, a UNIFIED COMMS tomar\u00e1 todas as medidas legais que considerar adequadas para impedir qualquer conduta ilegal ou imoral.<\/p><p> <\/p><h3><strong>VII.- ALTERA\u00c7\u00c3O UNILATERAL<\/strong><\/h3><p>A UNIFIED COMMS poder\u00e1 modificar unilateralmente e sem aviso pr\u00e9vio, sempre que o considere oportuno, a estrutura e o design do s\u00edtio Web, assim como modificar ou eliminar os servi\u00e7os, conte\u00fados e condi\u00e7\u00f5es de acesso e\/ou utiliza\u00e7\u00e3o do s\u00edtio Web.<\/p><p> <\/p><h3><strong>VIII. &#8211; LIGA\u00c7\u00d5ES <\/strong><\/h3><p>Este s\u00edtio Web da UNIFIED COMMS proporciona aos utilizadores liga\u00e7\u00f5es e links para outros s\u00edtios Web geridos e controlados por terceiros. O \u00fanico objetivo destas liga\u00e7\u00f5es \u00e9 facilitar aos utilizadores a procura de informa\u00e7\u00f5es, conte\u00fados e servi\u00e7os na Internet, n\u00e3o podendo, em caso algum, ser consideradas uma sugest\u00e3o, recomenda\u00e7\u00e3o ou convite para os visitar. A UNIFIED COMMS n\u00e3o comercializa, n\u00e3o dirige, n\u00e3o controla previamente nem se apropria dos conte\u00fados, servi\u00e7os, informa\u00e7\u00f5es e manifesta\u00e7\u00f5es dispon\u00edveis nesses s\u00edtios Web.  <\/p><p>O UNIFIED COMMS n\u00e3o assume qualquer tipo de responsabilidade, nem sequer de forma indireta ou subsidi\u00e1ria, pelos danos e preju\u00edzos de qualquer natureza que possam derivar do acesso, manuten\u00e7\u00e3o, utiliza\u00e7\u00e3o, qualidade, licitude, fiabilidade e utilidade dos conte\u00fados, informa\u00e7\u00f5es, comunica\u00e7\u00f5es, opini\u00f5es, manifesta\u00e7\u00f5es, produtos e servi\u00e7os existentes ou oferecidos nos s\u00edtios Web n\u00e3o geridos pelo UNIFIED COMMS e acess\u00edveis atrav\u00e9s do Portal UNIFIED COMMS.<\/p><p> <\/p><h3><strong>IX.- EXCLUS\u00c3O DE GARANTIAS E DE RESPONSABILIDADE<\/strong><\/h3><p>A UNIFIED COMMS n\u00e3o d\u00e1 qualquer garantia nem \u00e9 respons\u00e1vel, em caso algum, por danos de qualquer natureza que possam ser causados por:<\/p><ul><li>O incumprimento da lei, da moral e dos bons costumes, bem como da ordem p\u00fablica, ou a utiliza\u00e7\u00e3o dos produtos e\/ou servi\u00e7os oferecidos de forma n\u00e3o diligente ou incorrecta, ou para fins ou efeitos il\u00edcitos ou contr\u00e1rios \u00e0s disposi\u00e7\u00f5es das presentes CGU ou das condi\u00e7\u00f5es aplic\u00e1veis que possam ser aplic\u00e1veis.<\/li><li>Para a aquisi\u00e7\u00e3o ou contrata\u00e7\u00e3o de servi\u00e7os, bens ou produtos que possam ser adquiridos ou contratados a terceiros atrav\u00e9s do acesso ao s\u00edtio Web da UNIFIED COMMS, especialmente nos casos em que o processo de compra ou contrata\u00e7\u00e3o se realize diretamente no s\u00edtio Web do terceiro e ainda que apare\u00e7am sinais distintivos ou uma &#8220;moldura&#8221; com os elementos gr\u00e1ficos do s\u00edtio Web (branding).<\/li><li>A falta de disponibilidade, manuten\u00e7\u00e3o e funcionamento efetivo do S\u00edtio Web e\/ou dos seus servi\u00e7os ou conte\u00fados.<\/li><li>A falta de utilidade, adequa\u00e7\u00e3o ou validade do Site e\/ou dos seus servi\u00e7os ou conte\u00fados para satisfazer as necessidades, actividades ou resultados espec\u00edficos ou expectativas dos utilizadores.<\/li><li>A exist\u00eancia de v\u00edrus, programas maliciosos ou prejudiciais nos conte\u00fados.<\/li><li>A rece\u00e7\u00e3o, recolha, armazenamento, conserva\u00e7\u00e3o, difus\u00e3o ou transmiss\u00e3o de conte\u00fados pelos utilizadores.<\/li><li>A ilegalidade ou falta de veracidade, exatid\u00e3o, fiabilidade, relev\u00e2ncia, atualidade e integridade dos conte\u00fados e informa\u00e7\u00f5es transmitidos ou disponibilizados aos utilizadores, incluindo informa\u00e7\u00f5es e servi\u00e7os fornecidos por terceiros ou pelos utilizadores atrav\u00e9s da Web.<\/li><li>Incumprimento por terceiros das suas obriga\u00e7\u00f5es ou compromissos em rela\u00e7\u00e3o aos servi\u00e7os prestados aos utilizadores atrav\u00e9s do S\u00edtio Web.<\/li><li>Dos conte\u00fados, ficheiros, informa\u00e7\u00f5es, publicidade, opini\u00f5es, conceitos e imagens que n\u00e3o dependam do S\u00edtio Web, nem sejam geridos pela UNIFIED COMMS. Tamb\u00e9m n\u00e3o se responsabiliza pelo uso indevido dos conte\u00fados do S\u00edtio Web, sendo da exclusiva responsabilidade da pessoa que acede ou utiliza os mesmos. <\/li><li>Pela utiliza\u00e7\u00e3o indevida das palavras-passe dos utilizadores para aceder aos conte\u00fados do servi\u00e7o do s\u00edtio Web que as exijam e pelas consequ\u00eancias de qualquer natureza decorrentes da utiliza\u00e7\u00e3o indevida pelos utilizadores, da sua perda ou esquecimento, bem como da sua utiliza\u00e7\u00e3o indevida por terceiros n\u00e3o autorizados.<\/li><li>A incapacidade de qualquer utilizador ou a representa\u00e7\u00e3o de um terceiro pelo utilizador.<\/li><li>Dos conte\u00fados fornecidos pelos utilizadores.<\/li><\/ul><p> <\/p><h3><strong>X.- PROTEC\u00c7\u00c3O DE DADOS<\/strong><\/h3><p>Podes encontrar informa\u00e7\u00f5es pormenorizadas sobre a prote\u00e7\u00e3o de dados na nossa Pol\u00edtica de Privacidade.<\/p><p> <\/p><h3><strong>XI &#8211; COOKIES<\/strong><\/h3><p>Este s\u00edtio Web utiliza cookies pr\u00f3prios e de terceiros para analisar os nossos servi\u00e7os e mostrar-te publicidade relacionada com as tuas prefer\u00eancias, analisando os teus h\u00e1bitos de navega\u00e7\u00e3o.<\/p><p>Podes saber mais visitando a nossa p\u00e1gina de Pol\u00edtica de Cookies.<\/p><p> <\/p><h3><strong>XII. <\/strong><strong>PUBLICIDADE<\/strong><\/h3><p>Algumas partes do s\u00edtio Web podem conter conte\u00fados publicit\u00e1rios ou ser patrocinadas. Os anunciantes, patrocinadores e parceiros s\u00e3o os \u00fanicos respons\u00e1veis por garantir que o material enviado para inclus\u00e3o no s\u00edtio Web est\u00e1 em conformidade com a legisla\u00e7\u00e3o aplic\u00e1vel. <\/p><p>A UNIFIED COMMS n\u00e3o se responsabiliza por qualquer erro, inexatid\u00e3o ou irregularidade que possam conter os conte\u00fados publicit\u00e1rios ou os patrocinadores ou parceiros. Em qualquer caso, para apresentar qualquer reclama\u00e7\u00e3o relacionada com os conte\u00fados publicit\u00e1rios inseridos neste s\u00edtio Web, contacta o seguinte endere\u00e7o de correio eletr\u00f3nico: <a href=\"mailto:info@unifiedcomm.com\">info@unifiedcomm.com<\/a> <\/p><p> <\/p><h3><strong>XIII.- LEI APLIC\u00c1VEL E JURISDI\u00c7\u00c3O<\/strong><\/h3><p>Todas as Condi\u00e7\u00f5es Gerais e Particulares inclu\u00eddas neste s\u00edtio Web s\u00e3o regidas pela legisla\u00e7\u00e3o espanhola. Todos os lit\u00edgios, controv\u00e9rsias ou situa\u00e7\u00f5es decorrentes das Condi\u00e7\u00f5es Gerais e Particulares ser\u00e3o submetidos aos Julgados e Tribunais da Cidade de Madrid, com ren\u00fancia expressa das partes \u00e0 sua jurisdi\u00e7\u00e3o. <\/p>\t\t\t\t\t\t\t\t<\/div>\n\t\t\t\t\t<\/div>\n\t\t\t\t<\/div>\n\t\t\t\t<\/div>\n\t\t","protected":false},"excerpt":{"rendered":"<p>Informa\u00e7\u00f5es gerais A UNIFIED COMMS SOLUTIONS, S.L. (doravante, UNIFIED COMMS), na sua qualidade de propriet\u00e1ria e respons\u00e1vel por este s\u00edtio Web, em cumprimento do disposto no artigo 10 da Lei 34\/2002, de 11 de julho, de Servi\u00e7os da Sociedade da Informa\u00e7\u00e3o e do Com\u00e9rcio Eletr\u00f3nico, coloca \u00e0 disposi\u00e7\u00e3o dos utilizadores a seguinte informa\u00e7\u00e3o geral sobre [&hellip;]<\/p>\n","protected":false},"author":1,"featured_media":0,"parent":0,"menu_order":0,"comment_status":"closed","ping_status":"closed","template":"","meta":{"footnotes":""},"class_list":["post-1725","page","type-page","status-publish","hentry"],"yoast_head":"<!-- This site is optimized with the Yoast SEO plugin v27.1.1 - https:\/\/yoast.com\/product\/yoast-seo-wordpress\/ -->\n<title>Aviso legal - Unified Comms<\/title>\n<meta name=\"robots\" content=\"index, follow, max-snippet:-1, max-image-preview:large, max-video-preview:-1\" \/>\n<link rel=\"canonical\" href=\"https:\/\/unifiedcomms.tech\/pt\/aviso-legal\/\" \/>\n<meta property=\"og:locale\" content=\"pt_PT\" \/>\n<meta property=\"og:type\" content=\"article\" \/>\n<meta property=\"og:title\" content=\"Aviso legal - Unified Comms\" \/>\n<meta property=\"og:description\" content=\"Informa\u00e7\u00f5es gerais A UNIFIED COMMS SOLUTIONS, S.L. (doravante, UNIFIED COMMS), na sua qualidade de propriet\u00e1ria e respons\u00e1vel por este s\u00edtio Web, em cumprimento do disposto no artigo 10 da Lei 34\/2002, de 11 de julho, de Servi\u00e7os da Sociedade da Informa\u00e7\u00e3o e do Com\u00e9rcio Eletr\u00f3nico, coloca \u00e0 disposi\u00e7\u00e3o dos utilizadores a seguinte informa\u00e7\u00e3o geral sobre [&hellip;]\" \/>\n<meta property=\"og:url\" content=\"https:\/\/unifiedcomms.tech\/pt\/aviso-legal\/\" \/>\n<meta property=\"og:site_name\" content=\"Unified Comms\" \/>\n<meta property=\"article:modified_time\" content=\"2025-11-25T16:56:14+00:00\" \/>\n<meta name=\"twitter:card\" content=\"summary_large_image\" \/>\n<meta name=\"twitter:label1\" content=\"Tempo estimado de leitura\" \/>\n\t<meta name=\"twitter:data1\" content=\"10 minutos\" \/>\n<script type=\"application\/ld+json\" class=\"yoast-schema-graph\">{\"@context\":\"https:\/\/schema.org\",\"@graph\":[{\"@type\":\"WebPage\",\"@id\":\"https:\/\/unifiedcomms.tech\/pt\/aviso-legal\/\",\"url\":\"https:\/\/unifiedcomms.tech\/pt\/aviso-legal\/\",\"name\":\"Aviso legal - Unified Comms\",\"isPartOf\":{\"@id\":\"https:\/\/unifiedcomms.tech\/pt\/#website\"},\"datePublished\":\"2025-11-05T17:45:47+00:00\",\"dateModified\":\"2025-11-25T16:56:14+00:00\",\"breadcrumb\":{\"@id\":\"https:\/\/unifiedcomms.tech\/pt\/aviso-legal\/#breadcrumb\"},\"inLanguage\":\"pt-PT\",\"potentialAction\":[{\"@type\":\"ReadAction\",\"target\":[\"https:\/\/unifiedcomms.tech\/pt\/aviso-legal\/\"]}]},{\"@type\":\"BreadcrumbList\",\"@id\":\"https:\/\/unifiedcomms.tech\/pt\/aviso-legal\/#breadcrumb\",\"itemListElement\":[{\"@type\":\"ListItem\",\"position\":1,\"name\":\"Home\",\"item\":\"https:\/\/unifiedcomms.tech\/pt\/\"},{\"@type\":\"ListItem\",\"position\":2,\"name\":\"Aviso legal\"}]},{\"@type\":\"WebSite\",\"@id\":\"https:\/\/unifiedcomms.tech\/pt\/#website\",\"url\":\"https:\/\/unifiedcomms.tech\/pt\/\",\"name\":\"Unified Comms\",\"description\":\"Tecnolog\u00eda en la nube al servicio de tu negocio.\",\"publisher\":{\"@id\":\"https:\/\/unifiedcomms.tech\/pt\/#organization\"},\"potentialAction\":[{\"@type\":\"SearchAction\",\"target\":{\"@type\":\"EntryPoint\",\"urlTemplate\":\"https:\/\/unifiedcomms.tech\/pt\/?s={search_term_string}\"},\"query-input\":{\"@type\":\"PropertyValueSpecification\",\"valueRequired\":true,\"valueName\":\"search_term_string\"}}],\"inLanguage\":\"pt-PT\"},{\"@type\":\"Organization\",\"@id\":\"https:\/\/unifiedcomms.tech\/pt\/#organization\",\"name\":\"Unified Comms\",\"url\":\"https:\/\/unifiedcomms.tech\/pt\/\",\"logo\":{\"@type\":\"ImageObject\",\"inLanguage\":\"pt-PT\",\"@id\":\"https:\/\/unifiedcomms.tech\/pt\/#\/schema\/logo\/image\/\",\"url\":\"https:\/\/unifiedcomms.tech\/wp-content\/uploads\/2025\/10\/UnifiedComms_logo_v-1.svg\",\"contentUrl\":\"https:\/\/unifiedcomms.tech\/wp-content\/uploads\/2025\/10\/UnifiedComms_logo_v-1.svg\",\"width\":537,\"height\":163,\"caption\":\"Unified Comms\"},\"image\":{\"@id\":\"https:\/\/unifiedcomms.tech\/pt\/#\/schema\/logo\/image\/\"}}]}<\/script>\n<!-- \/ Yoast SEO plugin. -->","yoast_head_json":{"title":"Aviso legal - Unified Comms","robots":{"index":"index","follow":"follow","max-snippet":"max-snippet:-1","max-image-preview":"max-image-preview:large","max-video-preview":"max-video-preview:-1"},"canonical":"https:\/\/unifiedcomms.tech\/pt\/aviso-legal\/","og_locale":"pt_PT","og_type":"article","og_title":"Aviso legal - Unified Comms","og_description":"Informa\u00e7\u00f5es gerais A UNIFIED COMMS SOLUTIONS, S.L. (doravante, UNIFIED COMMS), na sua qualidade de propriet\u00e1ria e respons\u00e1vel por este s\u00edtio Web, em cumprimento do disposto no artigo 10 da Lei 34\/2002, de 11 de julho, de Servi\u00e7os da Sociedade da Informa\u00e7\u00e3o e do Com\u00e9rcio Eletr\u00f3nico, coloca \u00e0 disposi\u00e7\u00e3o dos utilizadores a seguinte informa\u00e7\u00e3o geral sobre [&hellip;]","og_url":"https:\/\/unifiedcomms.tech\/pt\/aviso-legal\/","og_site_name":"Unified Comms","article_modified_time":"2025-11-25T16:56:14+00:00","twitter_card":"summary_large_image","twitter_misc":{"Tempo estimado de leitura":"10 minutos"},"schema":{"@context":"https:\/\/schema.org","@graph":[{"@type":"WebPage","@id":"https:\/\/unifiedcomms.tech\/pt\/aviso-legal\/","url":"https:\/\/unifiedcomms.tech\/pt\/aviso-legal\/","name":"Aviso legal - Unified Comms","isPartOf":{"@id":"https:\/\/unifiedcomms.tech\/pt\/#website"},"datePublished":"2025-11-05T17:45:47+00:00","dateModified":"2025-11-25T16:56:14+00:00","breadcrumb":{"@id":"https:\/\/unifiedcomms.tech\/pt\/aviso-legal\/#breadcrumb"},"inLanguage":"pt-PT","potentialAction":[{"@type":"ReadAction","target":["https:\/\/unifiedcomms.tech\/pt\/aviso-legal\/"]}]},{"@type":"BreadcrumbList","@id":"https:\/\/unifiedcomms.tech\/pt\/aviso-legal\/#breadcrumb","itemListElement":[{"@type":"ListItem","position":1,"name":"Home","item":"https:\/\/unifiedcomms.tech\/pt\/"},{"@type":"ListItem","position":2,"name":"Aviso legal"}]},{"@type":"WebSite","@id":"https:\/\/unifiedcomms.tech\/pt\/#website","url":"https:\/\/unifiedcomms.tech\/pt\/","name":"Unified Comms","description":"Tecnolog\u00eda en la nube al servicio de tu negocio.","publisher":{"@id":"https:\/\/unifiedcomms.tech\/pt\/#organization"},"potentialAction":[{"@type":"SearchAction","target":{"@type":"EntryPoint","urlTemplate":"https:\/\/unifiedcomms.tech\/pt\/?s={search_term_string}"},"query-input":{"@type":"PropertyValueSpecification","valueRequired":true,"valueName":"search_term_string"}}],"inLanguage":"pt-PT"},{"@type":"Organization","@id":"https:\/\/unifiedcomms.tech\/pt\/#organization","name":"Unified Comms","url":"https:\/\/unifiedcomms.tech\/pt\/","logo":{"@type":"ImageObject","inLanguage":"pt-PT","@id":"https:\/\/unifiedcomms.tech\/pt\/#\/schema\/logo\/image\/","url":"https:\/\/unifiedcomms.tech\/wp-content\/uploads\/2025\/10\/UnifiedComms_logo_v-1.svg","contentUrl":"https:\/\/unifiedcomms.tech\/wp-content\/uploads\/2025\/10\/UnifiedComms_logo_v-1.svg","width":537,"height":163,"caption":"Unified Comms"},"image":{"@id":"https:\/\/unifiedcomms.tech\/pt\/#\/schema\/logo\/image\/"}}]}},"_links":{"self":[{"href":"https:\/\/unifiedcomms.tech\/pt\/wp-json\/wp\/v2\/pages\/1725","targetHints":{"allow":["GET"]}}],"collection":[{"href":"https:\/\/unifiedcomms.tech\/pt\/wp-json\/wp\/v2\/pages"}],"about":[{"href":"https:\/\/unifiedcomms.tech\/pt\/wp-json\/wp\/v2\/types\/page"}],"author":[{"embeddable":true,"href":"https:\/\/unifiedcomms.tech\/pt\/wp-json\/wp\/v2\/users\/1"}],"replies":[{"embeddable":true,"href":"https:\/\/unifiedcomms.tech\/pt\/wp-json\/wp\/v2\/comments?post=1725"}],"version-history":[{"count":3,"href":"https:\/\/unifiedcomms.tech\/pt\/wp-json\/wp\/v2\/pages\/1725\/revisions"}],"predecessor-version":[{"id":1789,"href":"https:\/\/unifiedcomms.tech\/pt\/wp-json\/wp\/v2\/pages\/1725\/revisions\/1789"}],"wp:attachment":[{"href":"https:\/\/unifiedcomms.tech\/pt\/wp-json\/wp\/v2\/media?parent=1725"}],"curies":[{"name":"wp","href":"https:\/\/api.w.org\/{rel}","templated":true}]}}